{"id":76,"date":"2026-03-12T23:12:55","date_gmt":"2026-03-12T23:12:55","guid":{"rendered":"https:\/\/etcsolutions.fr\/?page_id=76"},"modified":"2026-03-15T08:49:31","modified_gmt":"2026-03-15T08:49:31","slug":"mentions-legales","status":"publish","type":"page","link":"https:\/\/etcsolutions.fr\/?page_id=76","title":{"rendered":"Mentions L\u00e9gales"},"content":{"rendered":"\t\t<div data-elementor-type=\"wp-page\" data-elementor-id=\"76\" class=\"elementor elementor-76\">\n\t\t\t\t<div class=\"elementor-element elementor-element-29ed245 e-flex e-con-boxed wpr-particle-no wpr-jarallax-no wpr-parallax-no wpr-sticky-section-no e-con e-parent\" data-id=\"29ed245\" data-element_type=\"container\" data-e-type=\"container\">\n\t\t\t\t\t<div class=\"e-con-inner\">\n\t\t\t\t<div class=\"elementor-element elementor-element-6d532af elementor-widget elementor-widget-button\" data-id=\"6d532af\" data-element_type=\"widget\" data-e-type=\"widget\" data-widget_type=\"button.default\">\n\t\t\t\t\t\t\t\t\t\t<a class=\"elementor-button elementor-button-link elementor-size-sm\" href=\"https:\/\/etcsolutions.fr\">\n\t\t\t\t\t\t<span class=\"elementor-button-content-wrapper\">\n\t\t\t\t\t\t\t\t\t<span class=\"elementor-button-text\">\u2b05\ufe0f Retour sur la page principale<\/span>\n\t\t\t\t\t<\/span>\n\t\t\t\t\t<\/a>\n\t\t\t\t\t\t\t\t<\/div>\n\t\t\t\t<div class=\"elementor-element elementor-element-ab189e9 elementor-widget elementor-widget-heading\" data-id=\"ab189e9\" data-element_type=\"widget\" data-e-type=\"widget\" data-widget_type=\"heading.default\">\n\t\t\t\t\t<h2 class=\"elementor-heading-title elementor-size-default\">Mentions l\u00e9gales<\/h2>\t\t\t\t<\/div>\n\t\t\t\t<div class=\"elementor-element elementor-element-b4fe873 elementor-widget elementor-widget-text-editor\" data-id=\"b4fe873\" data-element_type=\"widget\" data-e-type=\"widget\" data-widget_type=\"text-editor.default\">\n\t\t\t\t\t\t\t\t\t<p>Conform\u00e9ment aux dispositions de la loi n\u00b0 2004-575 du 21 juin 2004 pour la confiance en l&rsquo;\u00e9conomie num\u00e9rique, il est pr\u00e9cis\u00e9 aux utilisateurs du site ETC Solutions l&rsquo;identit\u00e9 des diff\u00e9rents intervenants dans le cadre de sa r\u00e9alisation et de son suivi.<\/p><h3>Edition du site\u00a0<\/h3><p>Le pr\u00e9sent site, accessible \u00e0 l\u2019URL http:\/\/etcsolutions.fr (le \u00ab Site \u00bb), est \u00e9dit\u00e9 par :<\/p><p>ETC Solutions , soci\u00e9t\u00e9 au capital de 5000 euros, inscrite au R.C.S. de CRETEIL sous le num\u00e9ro 989 486 576 R.C.S. Creteil, dont le si\u00e8ge social est situ\u00e9 au 3 SQUARE SALVADOR ALLENDE, 94600 CHOISY-LE-ROI, repr\u00e9sent\u00e9(e) par Julien Vogel d\u00fbment habilit\u00e9(e)<\/p><p>Le num\u00e9ro individuel TVA de l\u2019\u00e9diteur est : FR71989486576.<\/p><h3>H\u00e9bergement<\/h3><p>Le Site est h\u00e9berg\u00e9 par la soci\u00e9t\u00e9 OVH SAS, situ\u00e9 2 rue Kellermann &#8211; BP 80157 &#8211; 59053 Roubaix Cedex 1, (contact t\u00e9l\u00e9phonique ou email : 1007).<\/p><h3>Directeur de publication\u00a0<\/h3><p>Le Directeur de la publication du Site est Julien Vogel .<\/p><h3>Nous contacter\u00a0<\/h3><p>Par t\u00e9l\u00e9phone : +33651655310<\/p><p>Par email : controles@etcsolutions.fr<\/p><p>Par courrier : 3 SQUARE SALVADOR ALLENDE, 94600 CHOISY-LE-ROI<\/p><h3>Donn\u00e9es personnelles<\/h3><p>Le traitement de vos donn\u00e9es \u00e0 caract\u00e8re personnel est r\u00e9gi par le R\u00e8glement G\u00e9n\u00e9ral sur la Protection des Donn\u00e9es 2016\/679 du 27 avril 2016 (\u00abRGPD\u00bb).<\/p><div>\u00a0<\/div>\t\t\t\t\t\t\t\t<\/div>\n\t\t\t\t\t<\/div>\n\t\t\t\t<\/div>\n\t\t\t\t<\/div>\n\t\t","protected":false},"excerpt":{"rendered":"<p>\u2b05\ufe0f Retour sur la page principale Mentions l\u00e9gales Conform\u00e9ment aux dispositions de la loi n\u00b0 2004-575 du 21 juin 2004 pour la confiance en l&rsquo;\u00e9conomie num\u00e9rique, il est pr\u00e9cis\u00e9 aux utilisateurs du site ETC Solutions l&rsquo;identit\u00e9 des diff\u00e9rents intervenants dans le cadre de sa r\u00e9alisation et de son suivi. Edition du site\u00a0 Le pr\u00e9sent site, accessible \u00e0 l\u2019URL http:\/\/etcsolutions.fr (le \u00ab Site \u00bb), est \u00e9dit\u00e9 par : ETC Solutions , soci\u00e9t\u00e9 au capital de 5000 euros, inscrite au R.C.S. de CRETEIL sous le num\u00e9ro 989 486 576 R.C.S. Creteil, dont le si\u00e8ge social est situ\u00e9 au 3 SQUARE SALVADOR ALLENDE, 94600 CHOISY-LE-ROI, repr\u00e9sent\u00e9(e) par Julien Vogel d\u00fbment habilit\u00e9(e) Le num\u00e9ro individuel TVA de l\u2019\u00e9diteur est : FR71989486576. H\u00e9bergement Le Site est h\u00e9berg\u00e9 par la soci\u00e9t\u00e9 OVH SAS, situ\u00e9 2 rue Kellermann &#8211; BP 80157 &#8211; 59053 Roubaix Cedex 1, (contact t\u00e9l\u00e9phonique ou email : 1007). Directeur de publication\u00a0 Le Directeur de la publication du Site est Julien Vogel . Nous contacter\u00a0 Par t\u00e9l\u00e9phone : +33651655310 Par email : controles@etcsolutions.fr Par courrier : 3 SQUARE SALVADOR ALLENDE, 94600 CHOISY-LE-ROI Donn\u00e9es personnelles Le traitement de vos donn\u00e9es \u00e0 caract\u00e8re personnel est r\u00e9gi par le R\u00e8glement G\u00e9n\u00e9ral sur la Protection des Donn\u00e9es 2016\/679 du 27 avril 2016 (\u00abRGPD\u00bb). \u00a0<\/p>\n","protected":false},"author":3,"featured_media":0,"parent":0,"menu_order":0,"comment_status":"closed","ping_status":"closed","template":"elementor_canvas","meta":{"footnotes":""},"class_list":["post-76","page","type-page","status-publish","hentry"],"yoast_head":"<!-- This site is optimized with the Yoast SEO plugin v27.3 - https:\/\/yoast.com\/product\/yoast-seo-wordpress\/ -->\n<title>Mentions L\u00e9gales - ETC Solutions<\/title>\n<meta name=\"robots\" content=\"index, follow, max-snippet:-1, max-image-preview:large, max-video-preview:-1\" \/>\n<link rel=\"canonical\" href=\"https:\/\/etcsolutions.fr\/?page_id=76\" \/>\n<meta property=\"og:locale\" content=\"fr_FR\" \/>\n<meta property=\"og:type\" content=\"article\" \/>\n<meta property=\"og:title\" content=\"Mentions L\u00e9gales - ETC Solutions\" \/>\n<meta property=\"og:description\" content=\"\u2b05\ufe0f Retour sur la page principale Mentions l\u00e9gales Conform\u00e9ment aux dispositions de la loi n\u00b0 2004-575 du 21 juin 2004 pour la confiance en l&rsquo;\u00e9conomie num\u00e9rique, il est pr\u00e9cis\u00e9 aux utilisateurs du site ETC Solutions l&rsquo;identit\u00e9 des diff\u00e9rents intervenants dans le cadre de sa r\u00e9alisation et de son suivi. Edition du site\u00a0 Le pr\u00e9sent site, accessible \u00e0 l\u2019URL http:\/\/etcsolutions.fr (le \u00ab Site \u00bb), est \u00e9dit\u00e9 par : ETC Solutions , soci\u00e9t\u00e9 au capital de 5000 euros, inscrite au R.C.S. de CRETEIL sous le num\u00e9ro 989 486 576 R.C.S. Creteil, dont le si\u00e8ge social est situ\u00e9 au 3 SQUARE SALVADOR ALLENDE, 94600 CHOISY-LE-ROI, repr\u00e9sent\u00e9(e) par Julien Vogel d\u00fbment habilit\u00e9(e) Le num\u00e9ro individuel TVA de l\u2019\u00e9diteur est : FR71989486576. H\u00e9bergement Le Site est h\u00e9berg\u00e9 par la soci\u00e9t\u00e9 OVH SAS, situ\u00e9 2 rue Kellermann &#8211; BP 80157 &#8211; 59053 Roubaix Cedex 1, (contact t\u00e9l\u00e9phonique ou email : 1007). Directeur de publication\u00a0 Le Directeur de la publication du Site est Julien Vogel . Nous contacter\u00a0 Par t\u00e9l\u00e9phone : +33651655310 Par email : controles@etcsolutions.fr Par courrier : 3 SQUARE SALVADOR ALLENDE, 94600 CHOISY-LE-ROI Donn\u00e9es personnelles Le traitement de vos donn\u00e9es \u00e0 caract\u00e8re personnel est r\u00e9gi par le R\u00e8glement G\u00e9n\u00e9ral sur la Protection des Donn\u00e9es 2016\/679 du 27 avril 2016 (\u00abRGPD\u00bb). \u00a0\" \/>\n<meta property=\"og:url\" content=\"https:\/\/etcsolutions.fr\/?page_id=76\" \/>\n<meta property=\"og:site_name\" content=\"ETC Solutions\" \/>\n<meta property=\"article:modified_time\" content=\"2026-03-15T08:49:31+00:00\" \/>\n<meta property=\"og:image\" content=\"https:\/\/etcsolutions.fr\/wp-content\/uploads\/2026\/03\/Frame-12.jpg\" \/>\n\t<meta property=\"og:image:width\" content=\"1200\" \/>\n\t<meta property=\"og:image:height\" content=\"675\" \/>\n\t<meta property=\"og:image:type\" content=\"image\/jpeg\" \/>\n<meta name=\"twitter:card\" content=\"summary_large_image\" \/>\n<meta name=\"twitter:label1\" content=\"Dur\u00e9e de lecture estim\u00e9e\" \/>\n\t<meta name=\"twitter:data1\" content=\"1 minute\" \/>\n<script type=\"application\/ld+json\" class=\"yoast-schema-graph\">{\"@context\":\"https:\\\/\\\/schema.org\",\"@graph\":[{\"@type\":\"WebPage\",\"@id\":\"https:\\\/\\\/etcsolutions.fr\\\/?page_id=76\",\"url\":\"https:\\\/\\\/etcsolutions.fr\\\/?page_id=76\",\"name\":\"Mentions L\u00e9gales - ETC Solutions\",\"isPartOf\":{\"@id\":\"https:\\\/\\\/etcsolutions.fr\\\/#website\"},\"datePublished\":\"2026-03-12T23:12:55+00:00\",\"dateModified\":\"2026-03-15T08:49:31+00:00\",\"breadcrumb\":{\"@id\":\"https:\\\/\\\/etcsolutions.fr\\\/?page_id=76#breadcrumb\"},\"inLanguage\":\"fr-FR\",\"potentialAction\":[{\"@type\":\"ReadAction\",\"target\":[\"https:\\\/\\\/etcsolutions.fr\\\/?page_id=76\"]}]},{\"@type\":\"BreadcrumbList\",\"@id\":\"https:\\\/\\\/etcsolutions.fr\\\/?page_id=76#breadcrumb\",\"itemListElement\":[{\"@type\":\"ListItem\",\"position\":1,\"name\":\"Home\",\"item\":\"https:\\\/\\\/etcsolutions.fr\\\/\"},{\"@type\":\"ListItem\",\"position\":2,\"name\":\"Mentions L\u00e9gales\"}]},{\"@type\":\"WebSite\",\"@id\":\"https:\\\/\\\/etcsolutions.fr\\\/#website\",\"url\":\"https:\\\/\\\/etcsolutions.fr\\\/\",\"name\":\"ETC Solutions\",\"description\":\"ETC Solutions \u2014 Organisme de contr\u00f4le CEE ind\u00e9pendant | CPC, CNR, Toute la France\",\"publisher\":{\"@id\":\"https:\\\/\\\/etcsolutions.fr\\\/#organization\"},\"alternateName\":\"ETC\",\"potentialAction\":[{\"@type\":\"SearchAction\",\"target\":{\"@type\":\"EntryPoint\",\"urlTemplate\":\"https:\\\/\\\/etcsolutions.fr\\\/?s={search_term_string}\"},\"query-input\":{\"@type\":\"PropertyValueSpecification\",\"valueRequired\":true,\"valueName\":\"search_term_string\"}}],\"inLanguage\":\"fr-FR\"},{\"@type\":\"Organization\",\"@id\":\"https:\\\/\\\/etcsolutions.fr\\\/#organization\",\"name\":\"ETC Solutions\",\"url\":\"https:\\\/\\\/etcsolutions.fr\\\/\",\"logo\":{\"@type\":\"ImageObject\",\"inLanguage\":\"fr-FR\",\"@id\":\"https:\\\/\\\/etcsolutions.fr\\\/#\\\/schema\\\/logo\\\/image\\\/\",\"url\":\"https:\\\/\\\/etcsolutions.fr\\\/wp-content\\\/uploads\\\/2026\\\/02\\\/logo.png\",\"contentUrl\":\"https:\\\/\\\/etcsolutions.fr\\\/wp-content\\\/uploads\\\/2026\\\/02\\\/logo.png\",\"width\":543,\"height\":543,\"caption\":\"ETC Solutions\"},\"image\":{\"@id\":\"https:\\\/\\\/etcsolutions.fr\\\/#\\\/schema\\\/logo\\\/image\\\/\"},\"sameAs\":[\"https:\\\/\\\/linkedin.com\\\/company\\\/etc-solutions-cee\"]}]}<\/script>\n<!-- \/ Yoast SEO plugin. -->","yoast_head_json":{"title":"Mentions L\u00e9gales - ETC Solutions","robots":{"index":"index","follow":"follow","max-snippet":"max-snippet:-1","max-image-preview":"max-image-preview:large","max-video-preview":"max-video-preview:-1"},"canonical":"https:\/\/etcsolutions.fr\/?page_id=76","og_locale":"fr_FR","og_type":"article","og_title":"Mentions L\u00e9gales - ETC Solutions","og_description":"\u2b05\ufe0f Retour sur la page principale Mentions l\u00e9gales Conform\u00e9ment aux dispositions de la loi n\u00b0 2004-575 du 21 juin 2004 pour la confiance en l&rsquo;\u00e9conomie num\u00e9rique, il est pr\u00e9cis\u00e9 aux utilisateurs du site ETC Solutions l&rsquo;identit\u00e9 des diff\u00e9rents intervenants dans le cadre de sa r\u00e9alisation et de son suivi. Edition du site\u00a0 Le pr\u00e9sent site, accessible \u00e0 l\u2019URL http:\/\/etcsolutions.fr (le \u00ab Site \u00bb), est \u00e9dit\u00e9 par : ETC Solutions , soci\u00e9t\u00e9 au capital de 5000 euros, inscrite au R.C.S. de CRETEIL sous le num\u00e9ro 989 486 576 R.C.S. Creteil, dont le si\u00e8ge social est situ\u00e9 au 3 SQUARE SALVADOR ALLENDE, 94600 CHOISY-LE-ROI, repr\u00e9sent\u00e9(e) par Julien Vogel d\u00fbment habilit\u00e9(e) Le num\u00e9ro individuel TVA de l\u2019\u00e9diteur est : FR71989486576. H\u00e9bergement Le Site est h\u00e9berg\u00e9 par la soci\u00e9t\u00e9 OVH SAS, situ\u00e9 2 rue Kellermann &#8211; BP 80157 &#8211; 59053 Roubaix Cedex 1, (contact t\u00e9l\u00e9phonique ou email : 1007). Directeur de publication\u00a0 Le Directeur de la publication du Site est Julien Vogel . Nous contacter\u00a0 Par t\u00e9l\u00e9phone : +33651655310 Par email : controles@etcsolutions.fr Par courrier : 3 SQUARE SALVADOR ALLENDE, 94600 CHOISY-LE-ROI Donn\u00e9es personnelles Le traitement de vos donn\u00e9es \u00e0 caract\u00e8re personnel est r\u00e9gi par le R\u00e8glement G\u00e9n\u00e9ral sur la Protection des Donn\u00e9es 2016\/679 du 27 avril 2016 (\u00abRGPD\u00bb). \u00a0","og_url":"https:\/\/etcsolutions.fr\/?page_id=76","og_site_name":"ETC Solutions","article_modified_time":"2026-03-15T08:49:31+00:00","og_image":[{"width":1200,"height":675,"url":"https:\/\/etcsolutions.fr\/wp-content\/uploads\/2026\/03\/Frame-12.jpg","type":"image\/jpeg"}],"twitter_card":"summary_large_image","twitter_misc":{"Dur\u00e9e de lecture estim\u00e9e":"1 minute"},"schema":{"@context":"https:\/\/schema.org","@graph":[{"@type":"WebPage","@id":"https:\/\/etcsolutions.fr\/?page_id=76","url":"https:\/\/etcsolutions.fr\/?page_id=76","name":"Mentions L\u00e9gales - ETC Solutions","isPartOf":{"@id":"https:\/\/etcsolutions.fr\/#website"},"datePublished":"2026-03-12T23:12:55+00:00","dateModified":"2026-03-15T08:49:31+00:00","breadcrumb":{"@id":"https:\/\/etcsolutions.fr\/?page_id=76#breadcrumb"},"inLanguage":"fr-FR","potentialAction":[{"@type":"ReadAction","target":["https:\/\/etcsolutions.fr\/?page_id=76"]}]},{"@type":"BreadcrumbList","@id":"https:\/\/etcsolutions.fr\/?page_id=76#breadcrumb","itemListElement":[{"@type":"ListItem","position":1,"name":"Home","item":"https:\/\/etcsolutions.fr\/"},{"@type":"ListItem","position":2,"name":"Mentions L\u00e9gales"}]},{"@type":"WebSite","@id":"https:\/\/etcsolutions.fr\/#website","url":"https:\/\/etcsolutions.fr\/","name":"ETC Solutions","description":"ETC Solutions \u2014 Organisme de contr\u00f4le CEE ind\u00e9pendant | CPC, CNR, Toute la France","publisher":{"@id":"https:\/\/etcsolutions.fr\/#organization"},"alternateName":"ETC","potentialAction":[{"@type":"SearchAction","target":{"@type":"EntryPoint","urlTemplate":"https:\/\/etcsolutions.fr\/?s={search_term_string}"},"query-input":{"@type":"PropertyValueSpecification","valueRequired":true,"valueName":"search_term_string"}}],"inLanguage":"fr-FR"},{"@type":"Organization","@id":"https:\/\/etcsolutions.fr\/#organization","name":"ETC Solutions","url":"https:\/\/etcsolutions.fr\/","logo":{"@type":"ImageObject","inLanguage":"fr-FR","@id":"https:\/\/etcsolutions.fr\/#\/schema\/logo\/image\/","url":"https:\/\/etcsolutions.fr\/wp-content\/uploads\/2026\/02\/logo.png","contentUrl":"https:\/\/etcsolutions.fr\/wp-content\/uploads\/2026\/02\/logo.png","width":543,"height":543,"caption":"ETC Solutions"},"image":{"@id":"https:\/\/etcsolutions.fr\/#\/schema\/logo\/image\/"},"sameAs":["https:\/\/linkedin.com\/company\/etc-solutions-cee"]}]}},"_links":{"self":[{"href":"https:\/\/etcsolutions.fr\/index.php?rest_route=\/wp\/v2\/pages\/76","targetHints":{"allow":["GET"]}}],"collection":[{"href":"https:\/\/etcsolutions.fr\/index.php?rest_route=\/wp\/v2\/pages"}],"about":[{"href":"https:\/\/etcsolutions.fr\/index.php?rest_route=\/wp\/v2\/types\/page"}],"author":[{"embeddable":true,"href":"https:\/\/etcsolutions.fr\/index.php?rest_route=\/wp\/v2\/users\/3"}],"replies":[{"embeddable":true,"href":"https:\/\/etcsolutions.fr\/index.php?rest_route=%2Fwp%2Fv2%2Fcomments&post=76"}],"version-history":[{"count":1,"href":"https:\/\/etcsolutions.fr\/index.php?rest_route=\/wp\/v2\/pages\/76\/revisions"}],"predecessor-version":[{"id":105,"href":"https:\/\/etcsolutions.fr\/index.php?rest_route=\/wp\/v2\/pages\/76\/revisions\/105"}],"wp:attachment":[{"href":"https:\/\/etcsolutions.fr\/index.php?rest_route=%2Fwp%2Fv2%2Fmedia&parent=76"}],"curies":[{"name":"wp","href":"https:\/\/api.w.org\/{rel}","templated":true}]}}